{"id":138,"date":"2024-02-01T15:57:08","date_gmt":"2024-02-01T14:57:08","guid":{"rendered":"https:\/\/monessenceoriginelle.be\/?page_id=138"},"modified":"2025-04-01T09:58:55","modified_gmt":"2025-04-01T07:58:55","slug":"temoignages","status":"publish","type":"page","link":"https:\/\/monessenceoriginelle.be\/index.php\/temoignages\/","title":{"rendered":"T\u00e9moignages"},"content":{"rendered":"\n<p><em>&#8221; J&#8217;ai cru longtemps que mon bonheur viendrait des autres. Au fil de mes exp\u00e9riences de vie, je me suis perdu au point de sans cesse remettre en doute la personne que j&#8217;\u00e9tais. Arriv\u00e9 au fond du trou, il ne me restait plus qu&#8217;un seul choix, reprendre ma vie en main et ne plus jamais mettre mon bonheur dans les mains d&#8217;autrui. C&#8217;est lors de cette ascension que j&#8217;ai fait la connaissance de Magali. La confiance a fait son chemin et par ses mots et ses soins, j&#8217;ai pu prendre conscience de mes peurs, de mes doutes, de mes cicatrices du pass\u00e9. Au cours de nos \u00e9changes, tout est devenu plus clair, plus \u00e9vident. M\u00eame si certaines blessures resteront \u00e0 jamais ancr\u00e9es en moi, j&#8217;ai appris \u00e0 vivre avec et elles ne dirigent plus mon quotidien.<br>Ma vie est aujourd&#8217;hui plus sereine et je lui en suis reconnaissant.&#8221;<\/em> ( B.B. )<\/p>\n\n\n\n<p>&#8221; <em>Apr\u00e8s une s\u00e9ance chez toi, je me sens plus calme, apais\u00e9e. J&#8217;ai retrouv\u00e9 de la confiance en moi. Quand j&#8217;en avais le plus besoin j&#8217;ai ressenti un bouclier autour de moi.<br>Tu m&#8217;aides aussi \u00e0 mettre des mots sur le ressenti que je n&#8217;arrive pas \u00e0 expliquer.<br>Pas \u00e0 pas, je retrouve un \u00e9quilibre et une envie d&#8217;avancer, d&#8217;\u00eatre bien dans ma t\u00eate , dans mon corps et dans ma vie. Pour tout cela, je te remercie Magali.<\/em>&#8221; ( C.C. )<\/p>\n\n\n\n<p><em>&#8221; J ai d\u00e9marr\u00e9 un suivi avec Magali en d\u00e9but d ann\u00e9e sans objectif particulier mais pour \u00ab&nbsp;prendre soin de moi&nbsp;\u00bb et sans attente sp\u00e9cifique. Des la premi\u00e8re s\u00e9ance, Magali a su me mettre \u00e0 l aise avec sa gentillesse et sa bienveillance. J ai b\u00e9n\u00e9fici\u00e9 de diff\u00e9rents soins depuis (un par mois environs) et j y vais avec plaisir. Nous discutons \u00e0 chaque fois des petites choses sur lesquelles travailler pour qu elle puisse adapter au mieux sa technique \u00e0 mes besoins. J y retourne \u00e0 chaque fois avec un r\u00e9el plaisir et en attente du moment ressour\u00e7ant suivant! Une belle d\u00e9couverte que je recommande ! &#8221; <\/em>( J.K. )<\/p>\n\n\n\n<p><em>&#8221; Magali est parvenue \u00e0 lib\u00e9rer certains blocages \u00e9motionnels, \u00e0 briser cette grosse carapace que je tra\u00eene depuis bien trop longtemps. Je suis pass\u00e9e par toutes les \u00e9motions, des plus douloureuses au plus l\u00e9g\u00e8res. Je suis sortie vid\u00e9e et \u00e0 fleur de peau mais tellement plus l\u00e9g\u00e8re et apais\u00e9e <img loading=\"lazy\" decoding=\"async\" height=\"16\" width=\"16\" src=\"https:\/\/static.xx.fbcdn.net\/images\/emoji.php\/v9\/td9\/1.5\/16\/1f64f.png\" alt=\"\ud83d\ude4f\"> Je recommande <img loading=\"lazy\" decoding=\"async\" height=\"16\" width=\"16\" src=\"https:\/\/static.xx.fbcdn.net\/images\/emoji.php\/v9\/t33\/1.5\/16\/2665.png\" alt=\"\u2665\ufe0f\"> &#8221; <\/em>( L.D. )<\/p>\n\n\n\n<p><em>&#8221; J&#8217;ai pris conscience gr\u00e2ce \u00e0 une amie que je n&#8217;allais pas tr\u00e8s bien, et que depuis un certain temps, je m&#8217;\u00e9tais \u00e9cart\u00e9e de mes valeurs, de mes besoins et surtout que je n&#8217;\u00e9tais plus du tout \u00e0 l&#8217;\u00e9coute de mon corps. J&#8217;ai donc d\u00e9cid\u00e9 de venir chez Magali. Pendant la s\u00e9ance, je parle avec elle de mon \u00e9tat actuel et notre \u00e9change me permet de prendre conscience de pas mal de choses. Par la suite, elle me fait un soin. Je me me suis rendue compte combien j&#8217;\u00e9tais d\u00e9connect\u00e9e de mon corps. En effet, lors de ma 1\u00e8re s\u00e9ance, je ne sentais m\u00eame pas quand elle me touchait les jambes, elles n&#8217;\u00e9taient devenues que des supports pour moi et ne faisaient plus vraiment partie de moi. Elle m&#8217;apprend \u00e0 mieux respirer, \u00e0 me relaxer et \u00e0 me connecter \u00e0 moi-m\u00eame. Chacun de mes ressentis est pris en compte. Apr\u00e8s plusieurs s\u00e9ances, je ressens beaucoup plus de choses, mais c&#8217;est encore difficile pour moi de mettre les mots justes sur mes ressentis mais j&#8217;esp\u00e8re qu&#8217;avec les futures s\u00e9ances, cela viendra. Au fur et \u00e0 mesure des s\u00e9ances, je retrouve plus d&#8217;aplomb, j&#8217;arrive \u00e0 80 % \u00e0 dire non quand j&#8217;en ai envie, je peux m&#8217;\u00e9carter quand je ne suis pas en accord, j&#8217;ai red\u00e9fini mes priorit\u00e9s et j&#8217;arrive \u00e0 les mettre au premier plan.&#8221;<\/em> ( L.J.)<\/p>\n\n\n\n<p>&#8221; Je connais Magali depuis des ann\u00e9es mais j ai d\u00e9couvert une facette d\u2019elle que je soup\u00e7onnais \u00eatre enfouie depuis longtemps mais qui, maintenant qu\u2019elle a fait surface , rajoute encore plus de valeur \u00e0 cette belle personne!<\/p>\n\n\n\n<p>Elle a su briser une carapace vieille de 46 ans , endurcie par les h\u00e9ritages familiaux robustes et bien ancr\u00e9s. Avec bienveillance, neutralit\u00e9 , empathie et professionnalisme elle a fait tomber cette armure qui, trop longtemps ,a emprisonn\u00e9 mon enfant int\u00e9rieur ! J en suis sortie \u00e0 fleur de peau mais tellement plus \u00bb pleinement consciente \u00bb<\/p>\n\n\n\n<p>MERCI MAGALI <img loading=\"lazy\" decoding=\"async\" height=\"16\" width=\"16\" src=\"https:\/\/static.xx.fbcdn.net\/images\/emoji.php\/v9\/tf3\/1.5\/16\/2764.png\" alt=\"\u2764\ufe0f\"> &#8221; ( J.G. )<\/p>\n\n\n\n<p>&#8221; <span style=\"text-decoration: underline;\">U<\/span>n \u00e9norme merci \u00e0 Magali ! son concours et la main heureuse m ont permis de la d\u00e9couvrir.<\/p>\n\n\n\n<p>Pour peu que vous puissiez lui ouvrir la porte de votre int\u00e9rieur, elle vous emm\u00e8ne au tr\u00e9fond de vous-m\u00eame avec douceur, bienveillance, respect.<\/p>\n\n\n\n<p>Avec professionnalisme, elle vous fait don de ses talents, apaise, adoucit, soigne, par ses mains bienfaitrices et vous permet de d\u00e9couvrir, reconnecter et sublimer une part de vous m\u00eame, enfouie, bless\u00e9e, en attente d une main tendue; la <a><\/a>sienne, la v\u00f4tre.<\/p>\n\n\n\n<p>Il y a un avant et un apr\u00e8s Magali<\/p>\n\n\n\n<p>L apr\u00e8s vous emm\u00e8ne vers une meilleure version de vous m\u00eame&#8230;<img loading=\"lazy\" decoding=\"async\" height=\"16\" width=\"16\" src=\"https:\/\/static.xx.fbcdn.net\/images\/emoji.php\/v9\/ta\/1\/16\/2764_200d_1fa79.png\" alt=\"\u2764\ufe0f\u200d\ud83e\ude79\"><img loading=\"lazy\" decoding=\"async\" height=\"16\" width=\"16\" src=\"https:\/\/static.xx.fbcdn.net\/images\/emoji.php\/v9\/tbf\/1\/16\/2764_200d_1f525.png\" alt=\"\u2764\ufe0f\u200d\ud83d\udd25\">&#8221; ( V.H. )<\/p>\n","protected":false},"excerpt":{"rendered":"<p>&#8221; J&#8217;ai cru longtemps que mon bonheur viendrait des autres. Au fil de mes exp\u00e9riences de vie, je me suis perdu au point de sans cesse remettre en doute la personne que j&#8217;\u00e9tais. Arriv\u00e9 au fond du trou, il ne me restait plus qu&#8217;un seul choix, reprendre ma vie en main et ne plus jamais mettre mon bonheur dans les mains d&#8217;autrui. C&#8217;est lors de cette ascension que j&#8217;ai fait la connaissance de Magali. La confiance a fait son chemin et par ses mots et ses soins, j&#8217;ai pu prendre conscience de mes peurs, de mes doutes, de mes cicatrices du pass\u00e9. Au cours de nos \u00e9changes, tout est devenu plus clair, plus \u00e9vident. M\u00eame si certaines blessures resteront \u00e0 jamais ancr\u00e9es en moi, j&#8217;ai appris \u00e0 vivre avec et elles ne dirigent plus mon quotidien.Ma vie est aujourd&#8217;hui plus sereine et je lui en suis reconnaissant.&#8221; ( B.B. ) &#8221; Apr\u00e8s une s\u00e9ance chez toi, je me sens plus calme, apais\u00e9e. J&#8217;ai retrouv\u00e9 de la confiance en moi. Quand j&#8217;en avais le plus besoin j&#8217;ai ressenti un bouclier autour de moi.Tu m&#8217;aides aussi \u00e0 mettre des mots sur le ressenti que je n&#8217;arrive pas \u00e0 expliquer.Pas \u00e0 pas, je retrouve un \u00e9quilibre et une envie d&#8217;avancer, d&#8217;\u00eatre bien dans ma t\u00eate , dans mon corps et dans ma vie. Pour tout cela, je te remercie Magali.&#8221; ( C.C. ) &#8221; J ai d\u00e9marr\u00e9 un suivi avec Magali en d\u00e9but d ann\u00e9e sans objectif particulier mais pour \u00ab&nbsp;prendre soin de moi&nbsp;\u00bb et sans attente sp\u00e9cifique. Des la premi\u00e8re s\u00e9ance, Magali a su me mettre \u00e0 l aise avec sa gentillesse et sa bienveillance. J ai b\u00e9n\u00e9fici\u00e9 de diff\u00e9rents soins depuis (un par mois environs) et j y vais avec plaisir. Nous discutons \u00e0 chaque fois des petites choses sur lesquelles travailler pour qu elle puisse adapter au mieux sa technique \u00e0 mes besoins. J y retourne \u00e0 chaque fois avec un r\u00e9el plaisir et en attente du moment ressour\u00e7ant suivant! Une belle d\u00e9couverte que je recommande ! &#8221; ( J.K. ) &#8221; Magali est parvenue \u00e0 lib\u00e9rer certains blocages \u00e9motionnels, \u00e0 briser cette grosse carapace que je tra\u00eene depuis bien trop longtemps. Je suis pass\u00e9e par toutes les \u00e9motions, des plus douloureuses au plus l\u00e9g\u00e8res. Je suis sortie vid\u00e9e et \u00e0 fleur de peau mais tellement plus l\u00e9g\u00e8re et apais\u00e9e Je recommande &#8221; ( L.D. ) &#8221; J&#8217;ai pris conscience gr\u00e2ce \u00e0 une amie que je n&#8217;allais pas tr\u00e8s bien, et que depuis un certain temps, je m&#8217;\u00e9tais \u00e9cart\u00e9e de mes valeurs, de mes besoins et surtout que je n&#8217;\u00e9tais plus du tout \u00e0 l&#8217;\u00e9coute de mon corps. J&#8217;ai donc d\u00e9cid\u00e9 de venir chez Magali. Pendant la s\u00e9ance, je parle avec elle de mon \u00e9tat actuel et notre \u00e9change me permet de prendre conscience de pas mal de choses. Par la suite, elle me fait un soin. Je me me suis rendue compte combien j&#8217;\u00e9tais d\u00e9connect\u00e9e de mon corps. En effet, lors de ma 1\u00e8re s\u00e9ance, je ne sentais m\u00eame pas quand elle me touchait les jambes, elles n&#8217;\u00e9taient devenues que des supports pour moi et ne faisaient plus vraiment partie de moi. Elle m&#8217;apprend \u00e0 mieux respirer, \u00e0 me relaxer et \u00e0 me connecter \u00e0 moi-m\u00eame. Chacun de mes ressentis est pris en compte. Apr\u00e8s plusieurs s\u00e9ances, je ressens beaucoup plus de choses, mais c&#8217;est encore difficile pour moi de mettre les mots justes sur mes ressentis mais j&#8217;esp\u00e8re qu&#8217;avec les futures s\u00e9ances, cela viendra. Au fur et \u00e0 mesure des s\u00e9ances, je retrouve plus d&#8217;aplomb, j&#8217;arrive \u00e0 80 % \u00e0 dire non quand j&#8217;en ai envie, je peux m&#8217;\u00e9carter quand je ne suis pas en accord, j&#8217;ai red\u00e9fini mes priorit\u00e9s et j&#8217;arrive \u00e0 les mettre au premier plan.&#8221; ( L.J.) &#8221; Je connais Magali depuis des ann\u00e9es mais j ai d\u00e9couvert une facette d\u2019elle que je soup\u00e7onnais \u00eatre enfouie depuis longtemps mais qui, maintenant qu\u2019elle a fait surface , rajoute encore plus de valeur \u00e0 cette belle personne! Elle a su briser une carapace vieille de 46 ans , endurcie par les h\u00e9ritages familiaux robustes et bien ancr\u00e9s. Avec bienveillance, neutralit\u00e9 , empathie et professionnalisme elle a fait tomber cette armure qui, trop longtemps ,a emprisonn\u00e9 mon enfant int\u00e9rieur ! J en suis sortie \u00e0 fleur de peau mais tellement plus \u00bb pleinement consciente \u00bb MERCI MAGALI &#8221; ( J.G. ) &#8221; Un \u00e9norme merci \u00e0 Magali ! son concours et la main heureuse m ont permis de la d\u00e9couvrir. Pour peu que vous puissiez lui ouvrir la porte de votre int\u00e9rieur, elle vous emm\u00e8ne au tr\u00e9fond de vous-m\u00eame avec douceur, bienveillance, respect. Avec professionnalisme, elle vous fait don de ses talents, apaise, adoucit, soigne, par ses mains bienfaitrices et vous permet de d\u00e9couvrir, reconnecter et sublimer une part de vous m\u00eame, enfouie, bless\u00e9e, en attente d une main tendue; la sienne, la v\u00f4tre. Il y a un avant et un apr\u00e8s Magali L apr\u00e8s vous emm\u00e8ne vers une meilleure version de vous m\u00eame&#8230;&#8221; ( V.H. )<\/p>\n","protected":false},"author":1,"featured_media":158,"parent":0,"menu_order":0,"comment_status":"closed","ping_status":"closed","template":"","meta":{"footnotes":""},"class_list":["post-138","page","type-page","status-publish","has-post-thumbnail","hentry"],"_links":{"self":[{"href":"https:\/\/monessenceoriginelle.be\/index.php\/wp-json\/wp\/v2\/pages\/138","targetHints":{"allow":["GET"]}}],"collection":[{"href":"https:\/\/monessenceoriginelle.be\/index.php\/wp-json\/wp\/v2\/pages"}],"about":[{"href":"https:\/\/monessenceoriginelle.be\/index.php\/wp-json\/wp\/v2\/types\/page"}],"author":[{"embeddable":true,"href":"https:\/\/monessenceoriginelle.be\/index.php\/wp-json\/wp\/v2\/users\/1"}],"replies":[{"embeddable":true,"href":"https:\/\/monessenceoriginelle.be\/index.php\/wp-json\/wp\/v2\/comments?post=138"}],"version-history":[{"count":6,"href":"https:\/\/monessenceoriginelle.be\/index.php\/wp-json\/wp\/v2\/pages\/138\/revisions"}],"predecessor-version":[{"id":284,"href":"https:\/\/monessenceoriginelle.be\/index.php\/wp-json\/wp\/v2\/pages\/138\/revisions\/284"}],"wp:featuredmedia":[{"embeddable":true,"href":"https:\/\/monessenceoriginelle.be\/index.php\/wp-json\/wp\/v2\/media\/158"}],"wp:attachment":[{"href":"https:\/\/monessenceoriginelle.be\/index.php\/wp-json\/wp\/v2\/media?parent=138"}],"curies":[{"name":"wp","href":"https:\/\/api.w.org\/{rel}","templated":true}]}}