{"id":58,"date":"2024-01-30T10:36:55","date_gmt":"2024-01-30T09:36:55","guid":{"rendered":"https:\/\/monessenceoriginelle.be\/?page_id=58"},"modified":"2024-04-08T21:33:58","modified_gmt":"2024-04-08T19:33:58","slug":"ce-que-je-propose","status":"publish","type":"page","link":"https:\/\/monessenceoriginelle.be\/index.php\/ce-que-je-propose\/","title":{"rendered":"Ce que je propose"},"content":{"rendered":"\n<p class=\"has-text-align-center\">Un espace-temps d\u00e9di\u00e9 \u00e0 votre mieux-\u00eatre et adapt\u00e9 \u00e0 vos besoins.<\/p>\n\n\n\n<p class=\"has-text-align-center\">C&#8217;est avec bienveillance que je vous propose : <\/p>\n\n\n\n<p class=\"has-text-align-center\"><a href=\"https:\/\/monessenceoriginelle.be\/index.php\/le-massage-obesoins-emte\/\" data-type=\"link\" data-id=\"https:\/\/monessenceoriginelle.be\/index.php\/le-massage-obesoins-emte\/\">Le massage O&#8217;Besoins<\/a><\/p>\n\n\n\n<figure class=\"wp-block-gallery has-nested-images columns-default is-cropped wp-block-gallery-1 is-layout-flex wp-block-gallery-is-layout-flex\">\n<figure class=\"wp-block-image size-full\"><img loading=\"lazy\" decoding=\"async\" width=\"713\" height=\"519\" data-id=\"146\" src=\"https:\/\/monessenceoriginelle.be\/wp-content\/uploads\/2024\/02\/Screenshot-2024-02-01-15.38.17-2.png\" alt=\"\" class=\"wp-image-146\" srcset=\"https:\/\/monessenceoriginelle.be\/wp-content\/uploads\/2024\/02\/Screenshot-2024-02-01-15.38.17-2.png 713w, https:\/\/monessenceoriginelle.be\/wp-content\/uploads\/2024\/02\/Screenshot-2024-02-01-15.38.17-2-300x218.png 300w\" sizes=\"auto, (max-width: 713px) 100vw, 713px\" \/><\/figure>\n\n\n\n<figure class=\"wp-block-image size-large\"><img loading=\"lazy\" decoding=\"async\" width=\"621\" height=\"344\" data-id=\"133\" src=\"https:\/\/monessenceoriginelle.be\/wp-content\/uploads\/2024\/02\/Screenshot-2024-02-01-15.39.27-1.png\" alt=\"\" class=\"wp-image-133\" srcset=\"https:\/\/monessenceoriginelle.be\/wp-content\/uploads\/2024\/02\/Screenshot-2024-02-01-15.39.27-1.png 621w, https:\/\/monessenceoriginelle.be\/wp-content\/uploads\/2024\/02\/Screenshot-2024-02-01-15.39.27-1-300x166.png 300w\" sizes=\"auto, (max-width: 621px) 100vw, 621px\" \/><\/figure>\n\n\n\n<figure class=\"wp-block-image size-full\"><img loading=\"lazy\" decoding=\"async\" width=\"716\" height=\"367\" data-id=\"130\" src=\"http:\/\/monessenceoriginelle.be\/wp-content\/uploads\/2024\/02\/Screenshot-2024-02-01-15.40.54.png\" alt=\"\" class=\"wp-image-130\" srcset=\"https:\/\/monessenceoriginelle.be\/wp-content\/uploads\/2024\/02\/Screenshot-2024-02-01-15.40.54.png 716w, https:\/\/monessenceoriginelle.be\/wp-content\/uploads\/2024\/02\/Screenshot-2024-02-01-15.40.54-300x154.png 300w\" sizes=\"auto, (max-width: 716px) 100vw, 716px\" \/><\/figure>\n<\/figure>\n\n\n\n<p><\/p>\n\n\n\n<p class=\"has-text-align-center\"><a href=\"https:\/\/monessenceoriginelle.be\/index.php\/la-therapie-psycho-corporelle-emte\/\" data-type=\"link\" data-id=\"https:\/\/monessenceoriginelle.be\/index.php\/la-therapie-psycho-corporelle-emte\/\">La th\u00e9rapie psycho-corporelle <\/a><\/p>\n\n\n\n<p><\/p>\n\n\n\n<figure class=\"wp-block-gallery has-nested-images columns-default is-cropped wp-block-gallery-2 is-layout-flex wp-block-gallery-is-layout-flex\">\n<figure class=\"wp-block-image size-full\"><img loading=\"lazy\" decoding=\"async\" width=\"683\" height=\"277\" data-id=\"145\" src=\"https:\/\/monessenceoriginelle.be\/wp-content\/uploads\/2024\/02\/Screenshot-2024-02-01-15.47.28-1.png\" alt=\"\" class=\"wp-image-145\" srcset=\"https:\/\/monessenceoriginelle.be\/wp-content\/uploads\/2024\/02\/Screenshot-2024-02-01-15.47.28-1.png 683w, https:\/\/monessenceoriginelle.be\/wp-content\/uploads\/2024\/02\/Screenshot-2024-02-01-15.47.28-1-300x122.png 300w\" sizes=\"auto, (max-width: 683px) 100vw, 683px\" \/><\/figure>\n\n\n\n<figure class=\"wp-block-image size-full\"><img loading=\"lazy\" decoding=\"async\" width=\"667\" height=\"292\" data-id=\"149\" src=\"https:\/\/monessenceoriginelle.be\/wp-content\/uploads\/2024\/02\/Screenshot-2024-02-01-15.45.24-1.png\" alt=\"\" class=\"wp-image-149\" srcset=\"https:\/\/monessenceoriginelle.be\/wp-content\/uploads\/2024\/02\/Screenshot-2024-02-01-15.45.24-1.png 667w, https:\/\/monessenceoriginelle.be\/wp-content\/uploads\/2024\/02\/Screenshot-2024-02-01-15.45.24-1-300x131.png 300w\" sizes=\"auto, (max-width: 667px) 100vw, 667px\" \/><\/figure>\n\n\n\n<figure class=\"wp-block-image size-full\"><img loading=\"lazy\" decoding=\"async\" width=\"677\" height=\"443\" data-id=\"148\" src=\"https:\/\/monessenceoriginelle.be\/wp-content\/uploads\/2024\/02\/Screenshot-2024-02-01-20.53.26-1.png\" alt=\"\" class=\"wp-image-148\" srcset=\"https:\/\/monessenceoriginelle.be\/wp-content\/uploads\/2024\/02\/Screenshot-2024-02-01-20.53.26-1.png 677w, https:\/\/monessenceoriginelle.be\/wp-content\/uploads\/2024\/02\/Screenshot-2024-02-01-20.53.26-1-300x196.png 300w\" sizes=\"auto, (max-width: 677px) 100vw, 677px\" \/><\/figure>\n<\/figure>\n\n\n\n<p><\/p>\n\n\n\n<p><\/p>\n\n\n\n<p><\/p>\n\n\n\n<p><\/p>\n\n\n\n<p><\/p>\n\n\n\n<p class=\"has-text-align-center has-cyan-bluish-gray-color has-text-color has-background has-link-color wp-elements-acd641e3a3017624a2ed0cee7551faa1\" style=\"background-color:#1a5561\">Mes tarifs<\/p>\n\n\n\n<p class=\"has-text-align-center\">Tous mes soins sont fix\u00e9s \u00e0 60 euros.<\/p>\n","protected":false},"excerpt":{"rendered":"<p>Un espace-temps d\u00e9di\u00e9 \u00e0 votre mieux-\u00eatre et adapt\u00e9 \u00e0 vos besoins. C&#8217;est avec bienveillance que je vous propose : Le massage O&#8217;Besoins La th\u00e9rapie psycho-corporelle Mes tarifs Tous mes soins sont fix\u00e9s \u00e0 60 euros.<\/p>\n","protected":false},"author":1,"featured_media":0,"parent":0,"menu_order":0,"comment_status":"closed","ping_status":"closed","template":"","meta":{"footnotes":""},"class_list":["post-58","page","type-page","status-publish","hentry"],"_links":{"self":[{"href":"https:\/\/monessenceoriginelle.be\/index.php\/wp-json\/wp\/v2\/pages\/58","targetHints":{"allow":["GET"]}}],"collection":[{"href":"https:\/\/monessenceoriginelle.be\/index.php\/wp-json\/wp\/v2\/pages"}],"about":[{"href":"https:\/\/monessenceoriginelle.be\/index.php\/wp-json\/wp\/v2\/types\/page"}],"author":[{"embeddable":true,"href":"https:\/\/monessenceoriginelle.be\/index.php\/wp-json\/wp\/v2\/users\/1"}],"replies":[{"embeddable":true,"href":"https:\/\/monessenceoriginelle.be\/index.php\/wp-json\/wp\/v2\/comments?post=58"}],"version-history":[{"count":11,"href":"https:\/\/monessenceoriginelle.be\/index.php\/wp-json\/wp\/v2\/pages\/58\/revisions"}],"predecessor-version":[{"id":273,"href":"https:\/\/monessenceoriginelle.be\/index.php\/wp-json\/wp\/v2\/pages\/58\/revisions\/273"}],"wp:attachment":[{"href":"https:\/\/monessenceoriginelle.be\/index.php\/wp-json\/wp\/v2\/media?parent=58"}],"curies":[{"name":"wp","href":"https:\/\/api.w.org\/{rel}","templated":true}]}}