{"id":77,"date":"2024-01-30T11:31:26","date_gmt":"2024-01-30T10:31:26","guid":{"rendered":"https:\/\/monessenceoriginelle.be\/?page_id=77"},"modified":"2024-03-09T17:20:30","modified_gmt":"2024-03-09T16:20:30","slug":"mon-espace-de-consultation","status":"publish","type":"page","link":"https:\/\/monessenceoriginelle.be\/index.php\/mon-espace-de-consultation\/","title":{"rendered":"Mon espace de consultation"},"content":{"rendered":"\n<figure class=\"wp-block-gallery has-nested-images columns-default is-cropped wp-block-gallery-1 is-layout-flex wp-block-gallery-is-layout-flex\">\n<figure class=\"wp-block-image size-large\"><img loading=\"lazy\" decoding=\"async\" width=\"771\" height=\"1024\" data-id=\"81\" src=\"https:\/\/monessenceoriginelle.be\/wp-content\/uploads\/2024\/01\/1706601246662-1-771x1024.jpg\" alt=\"\" class=\"wp-image-81\" srcset=\"https:\/\/monessenceoriginelle.be\/wp-content\/uploads\/2024\/01\/1706601246662-1-771x1024.jpg 771w, https:\/\/monessenceoriginelle.be\/wp-content\/uploads\/2024\/01\/1706601246662-1-226x300.jpg 226w, https:\/\/monessenceoriginelle.be\/wp-content\/uploads\/2024\/01\/1706601246662-1-768x1020.jpg 768w, https:\/\/monessenceoriginelle.be\/wp-content\/uploads\/2024\/01\/1706601246662-1-1157x1536.jpg 1157w, https:\/\/monessenceoriginelle.be\/wp-content\/uploads\/2024\/01\/1706601246662-1-1542x2048.jpg 1542w, https:\/\/monessenceoriginelle.be\/wp-content\/uploads\/2024\/01\/1706601246662-1-1140x1514.jpg 1140w, https:\/\/monessenceoriginelle.be\/wp-content\/uploads\/2024\/01\/1706601246662-1-scaled.jpg 1928w\" sizes=\"auto, (max-width: 771px) 100vw, 771px\" \/><\/figure>\n\n\n\n<figure class=\"wp-block-image size-large\"><img loading=\"lazy\" decoding=\"async\" width=\"1024\" height=\"771\" data-id=\"82\" src=\"https:\/\/monessenceoriginelle.be\/wp-content\/uploads\/2024\/01\/1706601246691-1-1024x771.jpg\" alt=\"\" class=\"wp-image-82\" srcset=\"https:\/\/monessenceoriginelle.be\/wp-content\/uploads\/2024\/01\/1706601246691-1-1024x771.jpg 1024w, https:\/\/monessenceoriginelle.be\/wp-content\/uploads\/2024\/01\/1706601246691-1-300x226.jpg 300w, https:\/\/monessenceoriginelle.be\/wp-content\/uploads\/2024\/01\/1706601246691-1-768x578.jpg 768w, https:\/\/monessenceoriginelle.be\/wp-content\/uploads\/2024\/01\/1706601246691-1-1536x1157.jpg 1536w, https:\/\/monessenceoriginelle.be\/wp-content\/uploads\/2024\/01\/1706601246691-1-2048x1542.jpg 2048w, https:\/\/monessenceoriginelle.be\/wp-content\/uploads\/2024\/01\/1706601246691-1-1140x858.jpg 1140w\" sizes=\"auto, (max-width: 1024px) 100vw, 1024px\" \/><\/figure>\n\n\n\n<figure class=\"wp-block-image size-large\"><img loading=\"lazy\" decoding=\"async\" width=\"1024\" height=\"771\" data-id=\"83\" src=\"https:\/\/monessenceoriginelle.be\/wp-content\/uploads\/2024\/01\/1706601246670-1-1024x771.jpg\" alt=\"\" class=\"wp-image-83\" srcset=\"https:\/\/monessenceoriginelle.be\/wp-content\/uploads\/2024\/01\/1706601246670-1-1024x771.jpg 1024w, https:\/\/monessenceoriginelle.be\/wp-content\/uploads\/2024\/01\/1706601246670-1-300x226.jpg 300w, https:\/\/monessenceoriginelle.be\/wp-content\/uploads\/2024\/01\/1706601246670-1-768x578.jpg 768w, https:\/\/monessenceoriginelle.be\/wp-content\/uploads\/2024\/01\/1706601246670-1-1536x1157.jpg 1536w, https:\/\/monessenceoriginelle.be\/wp-content\/uploads\/2024\/01\/1706601246670-1-2048x1542.jpg 2048w, https:\/\/monessenceoriginelle.be\/wp-content\/uploads\/2024\/01\/1706601246670-1-1140x858.jpg 1140w\" sizes=\"auto, (max-width: 1024px) 100vw, 1024px\" \/><\/figure>\n<\/figure>\n\n\n\n<p><\/p>\n\n\n\n<p class=\"has-text-align-center\">Les consultations se r\u00e9alisent sur Bauffe ( Lens ) dans une pi\u00e8ce am\u00e9nag\u00e9e, comme un cocon, pour votre bien-\u00eatre.<\/p>\n\n\n\n<figure class=\"wp-block-image size-large\"><img loading=\"lazy\" decoding=\"async\" width=\"1024\" height=\"392\" src=\"https:\/\/monessenceoriginelle.be\/wp-content\/uploads\/2024\/03\/Screenshot-2024-03-09-17.15.32-1024x392.png\" alt=\"\" class=\"wp-image-254\" srcset=\"https:\/\/monessenceoriginelle.be\/wp-content\/uploads\/2024\/03\/Screenshot-2024-03-09-17.15.32-1024x392.png 1024w, https:\/\/monessenceoriginelle.be\/wp-content\/uploads\/2024\/03\/Screenshot-2024-03-09-17.15.32-300x115.png 300w, https:\/\/monessenceoriginelle.be\/wp-content\/uploads\/2024\/03\/Screenshot-2024-03-09-17.15.32-768x294.png 768w, https:\/\/monessenceoriginelle.be\/wp-content\/uploads\/2024\/03\/Screenshot-2024-03-09-17.15.32-1140x436.png 1140w, https:\/\/monessenceoriginelle.be\/wp-content\/uploads\/2024\/03\/Screenshot-2024-03-09-17.15.32.png 1325w\" sizes=\"auto, (max-width: 1024px) 100vw, 1024px\" \/><\/figure>\n\n\n\n<p class=\"has-text-align-center\">Les s\u00e9ances de soins peuvent-\u00eatre r\u00e9alis\u00e9s sur fond musical au choix ou dans le silence.<\/p>\n\n\n\n<p class=\"has-text-align-center\">Apr\u00e8s la s\u00e9ance vous aurez tout le loisir de prendre un moment pour vous, dans le petit bosquet proche de la maison.<\/p>\n\n\n\n<p><\/p>\n\n\n\n<figure class=\"wp-block-gallery has-nested-images columns-default is-cropped wp-block-gallery-2 is-layout-flex wp-block-gallery-is-layout-flex\">\n<figure class=\"wp-block-image size-large\"><img loading=\"lazy\" decoding=\"async\" width=\"768\" height=\"1024\" data-id=\"151\" src=\"https:\/\/monessenceoriginelle.be\/wp-content\/uploads\/2024\/02\/IMG_20190418_094109-768x1024.jpg\" alt=\"\" class=\"wp-image-151\" srcset=\"https:\/\/monessenceoriginelle.be\/wp-content\/uploads\/2024\/02\/IMG_20190418_094109-768x1024.jpg 768w, https:\/\/monessenceoriginelle.be\/wp-content\/uploads\/2024\/02\/IMG_20190418_094109-225x300.jpg 225w, https:\/\/monessenceoriginelle.be\/wp-content\/uploads\/2024\/02\/IMG_20190418_094109-1152x1536.jpg 1152w, https:\/\/monessenceoriginelle.be\/wp-content\/uploads\/2024\/02\/IMG_20190418_094109-1536x2048.jpg 1536w, https:\/\/monessenceoriginelle.be\/wp-content\/uploads\/2024\/02\/IMG_20190418_094109-1140x1520.jpg 1140w, https:\/\/monessenceoriginelle.be\/wp-content\/uploads\/2024\/02\/IMG_20190418_094109-scaled.jpg 1920w\" sizes=\"auto, (max-width: 768px) 100vw, 768px\" \/><figcaption class=\"wp-element-caption\">bty<\/figcaption><\/figure>\n<\/figure>\n","protected":false},"excerpt":{"rendered":"<p>Les consultations se r\u00e9alisent sur Bauffe ( Lens ) dans une pi\u00e8ce am\u00e9nag\u00e9e, comme un cocon, pour votre bien-\u00eatre. Les s\u00e9ances de soins peuvent-\u00eatre r\u00e9alis\u00e9s sur fond musical au choix ou dans le silence. Apr\u00e8s la s\u00e9ance vous aurez tout le loisir de prendre un moment pour vous, dans le petit bosquet proche de la maison.<\/p>\n","protected":false},"author":1,"featured_media":0,"parent":0,"menu_order":0,"comment_status":"closed","ping_status":"closed","template":"","meta":{"footnotes":""},"class_list":["post-77","page","type-page","status-publish","hentry"],"_links":{"self":[{"href":"https:\/\/monessenceoriginelle.be\/index.php\/wp-json\/wp\/v2\/pages\/77","targetHints":{"allow":["GET"]}}],"collection":[{"href":"https:\/\/monessenceoriginelle.be\/index.php\/wp-json\/wp\/v2\/pages"}],"about":[{"href":"https:\/\/monessenceoriginelle.be\/index.php\/wp-json\/wp\/v2\/types\/page"}],"author":[{"embeddable":true,"href":"https:\/\/monessenceoriginelle.be\/index.php\/wp-json\/wp\/v2\/users\/1"}],"replies":[{"embeddable":true,"href":"https:\/\/monessenceoriginelle.be\/index.php\/wp-json\/wp\/v2\/comments?post=77"}],"version-history":[{"count":5,"href":"https:\/\/monessenceoriginelle.be\/index.php\/wp-json\/wp\/v2\/pages\/77\/revisions"}],"predecessor-version":[{"id":255,"href":"https:\/\/monessenceoriginelle.be\/index.php\/wp-json\/wp\/v2\/pages\/77\/revisions\/255"}],"wp:attachment":[{"href":"https:\/\/monessenceoriginelle.be\/index.php\/wp-json\/wp\/v2\/media?parent=77"}],"curies":[{"name":"wp","href":"https:\/\/api.w.org\/{rel}","templated":true}]}}